{"id":1076,"date":"2018-07-03T05:59:30","date_gmt":"2018-07-03T05:59:30","guid":{"rendered":"https:\/\/vihdinkuumasinkitys.fi\/galvanizing-instructions\/"},"modified":"2023-10-16T06:00:26","modified_gmt":"2023-10-16T06:00:26","slug":"galvanizing-instructions","status":"publish","type":"page","link":"https:\/\/vihdinkuumasinkitys.fi\/en\/galvanizing-instructions\/","title":{"rendered":"Galvanizing instructions"},"content":{"rendered":"\t\t<div data-elementor-type=\"wp-post\" data-elementor-id=\"1076\" class=\"elementor elementor-1076 elementor-148\" data-elementor-post-type=\"page\">\n\t\t\t\t\t\t<section class=\"elementor-section elementor-top-section elementor-element elementor-element-74a433f1 elementor-section-content-middle elementor-section-height-full elementor-section-boxed elementor-section-height-default elementor-section-items-middle\" data-id=\"74a433f1\" data-element_type=\"section\" data-e-type=\"section\" data-settings=\"{&quot;background_background&quot;:&quot;classic&quot;}\">\n\t\t\t\t\t\t\t<div class=\"elementor-background-overlay\"><\/div>\n\t\t\t\t\t\t\t<div class=\"elementor-container elementor-column-gap-no\">\n\t\t\t\t\t<div class=\"elementor-column elementor-col-100 elementor-top-column elementor-element elementor-element-6e92de3f\" data-id=\"6e92de3f\" data-element_type=\"column\" data-e-type=\"column\">\n\t\t\t<div class=\"elementor-widget-wrap elementor-element-populated\">\n\t\t\t\t\t\t<div class=\"elementor-element elementor-element-8e7abb7 elementor-widget elementor-widget-heading\" data-id=\"8e7abb7\" data-element_type=\"widget\" data-e-type=\"widget\" data-widget_type=\"heading.default\">\n\t\t\t\t<div class=\"elementor-widget-container\">\n\t\t\t\t\t<h1 class=\"elementor-heading-title elementor-size-default\">Instructions<\/h1>\t\t\t\t<\/div>\n\t\t\t\t<\/div>\n\t\t\t\t<section class=\"elementor-section elementor-inner-section elementor-element elementor-element-10ecde86 elementor-section-boxed elementor-section-height-default elementor-section-height-default\" data-id=\"10ecde86\" data-element_type=\"section\" data-e-type=\"section\">\n\t\t\t\t\t\t<div class=\"elementor-container elementor-column-gap-default\">\n\t\t\t\t\t<div class=\"elementor-column elementor-col-20 elementor-inner-column elementor-element elementor-element-1ef82ef9\" data-id=\"1ef82ef9\" data-element_type=\"column\" data-e-type=\"column\">\n\t\t\t<div class=\"elementor-widget-wrap elementor-element-populated\">\n\t\t\t\t\t<div class=\"elementor-background-overlay\"><\/div>\n\t\t\t\t\t\t<div class=\"elementor-element elementor-element-8ce1acd elementor-cta--skin-cover elementor-animated-content elementor-bg-transform elementor-bg-transform-zoom-in elementor-widget elementor-widget-call-to-action\" data-id=\"8ce1acd\" data-element_type=\"widget\" data-e-type=\"widget\" data-widget_type=\"call-to-action.default\">\n\t\t\t\t<div class=\"elementor-widget-container\">\n\t\t\t\t\t\t\t<div class=\"elementor-cta\">\n\t\t\t\t\t<div class=\"elementor-cta__bg-wrapper\">\n\t\t\t\t<div class=\"elementor-cta__bg elementor-bg\" style=\"background-image: url(https:\/\/vihdinkuumasinkitys.fi\/wp-content\/uploads\/2019\/08\/Avajaiskasto_1300-1024x683.jpg);\" role=\"img\" aria-label=\"Avajaiskasto_1300\"><\/div>\n\t\t\t\t<div class=\"elementor-cta__bg-overlay\"><\/div>\n\t\t\t<\/div>\n\t\t\t\t\t\t\t<div class=\"elementor-cta__content\">\n\t\t\t\t\n\t\t\t\t\t\t\t\t\t<h2 class=\"elementor-cta__title elementor-cta__content-item elementor-content-item elementor-animated-item--grow\">\n\t\t\t\t\t\tInstructions for making holes\t\t\t\t\t<\/h2>\n\t\t\t\t\n\t\t\t\t\n\t\t\t\t\t\t\t\t\t<div class=\"elementor-cta__button-wrapper elementor-cta__content-item elementor-content-item elementor-animated-item--grow\">\n\t\t\t\t\t<a class=\"elementor-cta__button elementor-button elementor-size-\" href=\"https:\/\/vihdinkuumasinkitys.fi\/wp-content\/uploads\/2019\/07\/Reiitysohje.pdf\">\n\t\t\t\t\t\tDownload\t\t\t\t\t<\/a>\n\t\t\t\t\t<\/div>\n\t\t\t\t\t\t\t<\/div>\n\t\t\t\t\t\t<\/div>\n\t\t\t\t\t\t<\/div>\n\t\t\t\t<\/div>\n\t\t\t\t\t<\/div>\n\t\t<\/div>\n\t\t\t\t<div class=\"elementor-column elementor-col-20 elementor-inner-column elementor-element elementor-element-749437c\" data-id=\"749437c\" data-element_type=\"column\" data-e-type=\"column\">\n\t\t\t<div class=\"elementor-widget-wrap elementor-element-populated\">\n\t\t\t\t\t<div class=\"elementor-background-overlay\"><\/div>\n\t\t\t\t\t\t<div class=\"elementor-element elementor-element-c08a4ef elementor-cta--skin-cover elementor-animated-content elementor-bg-transform elementor-bg-transform-zoom-in elementor-widget elementor-widget-call-to-action\" data-id=\"c08a4ef\" data-element_type=\"widget\" data-e-type=\"widget\" data-widget_type=\"call-to-action.default\">\n\t\t\t\t<div class=\"elementor-widget-container\">\n\t\t\t\t\t\t\t<div class=\"elementor-cta\">\n\t\t\t\t\t<div class=\"elementor-cta__bg-wrapper\">\n\t\t\t\t<div class=\"elementor-cta__bg elementor-bg\" style=\"background-image: url(https:\/\/vihdinkuumasinkitys.fi\/wp-content\/uploads\/2019\/08\/Kuumasinkitys_maalaus.jpg);\" role=\"img\" aria-label=\"Kuumasinkitys_maalaus\"><\/div>\n\t\t\t\t<div class=\"elementor-cta__bg-overlay\"><\/div>\n\t\t\t<\/div>\n\t\t\t\t\t\t\t<div class=\"elementor-cta__content\">\n\t\t\t\t\n\t\t\t\t\t\t\t\t\t<h2 class=\"elementor-cta__title elementor-cta__content-item elementor-content-item elementor-animated-item--grow\">\n\t\t\t\t\t\tInstructions for painting\t\t\t\t\t<\/h2>\n\t\t\t\t\n\t\t\t\t\n\t\t\t\t\t\t\t\t\t<div class=\"elementor-cta__button-wrapper elementor-cta__content-item elementor-content-item elementor-animated-item--grow\">\n\t\t\t\t\t<a class=\"elementor-cta__button elementor-button elementor-size-\" href=\"https:\/\/vihdinkuumasinkitys.fi\/wp-content\/uploads\/2019\/07\/Maalausohje.pdf\">\n\t\t\t\t\t\tDownload\t\t\t\t\t<\/a>\n\t\t\t\t\t<\/div>\n\t\t\t\t\t\t\t<\/div>\n\t\t\t\t\t\t<\/div>\n\t\t\t\t\t\t<\/div>\n\t\t\t\t<\/div>\n\t\t\t\t\t<\/div>\n\t\t<\/div>\n\t\t\t\t<div class=\"elementor-column elementor-col-20 elementor-inner-column elementor-element elementor-element-9f106d0\" data-id=\"9f106d0\" data-element_type=\"column\" data-e-type=\"column\">\n\t\t\t<div class=\"elementor-widget-wrap elementor-element-populated\">\n\t\t\t\t\t<div class=\"elementor-background-overlay\"><\/div>\n\t\t\t\t\t\t<div class=\"elementor-element elementor-element-136ad69 elementor-cta--skin-cover elementor-animated-content elementor-bg-transform elementor-bg-transform-zoom-in elementor-widget elementor-widget-call-to-action\" data-id=\"136ad69\" data-element_type=\"widget\" data-e-type=\"widget\" data-widget_type=\"call-to-action.default\">\n\t\t\t\t<div class=\"elementor-widget-container\">\n\t\t\t\t\t\t\t<div class=\"elementor-cta\">\n\t\t\t\t\t<div class=\"elementor-cta__bg-wrapper\">\n\t\t\t\t<div class=\"elementor-cta__bg elementor-bg\" style=\"background-image: url(https:\/\/vihdinkuumasinkitys.fi\/wp-content\/uploads\/2019\/07\/54369326_832816950410329_5045501131485085696_o-1024x576.jpg);\" role=\"img\" aria-label=\"54369326_832816950410329_5045501131485085696_o\"><\/div>\n\t\t\t\t<div class=\"elementor-cta__bg-overlay\"><\/div>\n\t\t\t<\/div>\n\t\t\t\t\t\t\t<div class=\"elementor-cta__content\">\n\t\t\t\t\n\t\t\t\t\t\t\t\t\t<h2 class=\"elementor-cta__title elementor-cta__content-item elementor-content-item elementor-animated-item--grow\">\n\t\t\t\t\t\tInstructions for selecting steel\t\t\t\t\t<\/h2>\n\t\t\t\t\n\t\t\t\t\n\t\t\t\t\t\t\t\t\t<div class=\"elementor-cta__button-wrapper elementor-cta__content-item elementor-content-item elementor-animated-item--grow\">\n\t\t\t\t\t<a class=\"elementor-cta__button elementor-button elementor-size-\" href=\"https:\/\/vihdinkuumasinkitys.fi\/wp-content\/uploads\/2019\/07\/Teraksen_valintaohje.pdf\">\n\t\t\t\t\t\tDownload\t\t\t\t\t<\/a>\n\t\t\t\t\t<\/div>\n\t\t\t\t\t\t\t<\/div>\n\t\t\t\t\t\t<\/div>\n\t\t\t\t\t\t<\/div>\n\t\t\t\t<\/div>\n\t\t\t\t\t<\/div>\n\t\t<\/div>\n\t\t\t\t<div class=\"elementor-column elementor-col-20 elementor-inner-column elementor-element elementor-element-2e280da\" data-id=\"2e280da\" data-element_type=\"column\" data-e-type=\"column\">\n\t\t\t<div class=\"elementor-widget-wrap elementor-element-populated\">\n\t\t\t\t\t<div class=\"elementor-background-overlay\"><\/div>\n\t\t\t\t\t\t<div class=\"elementor-element elementor-element-93637bb elementor-cta--skin-cover elementor-animated-content elementor-bg-transform elementor-bg-transform-zoom-in elementor-widget elementor-widget-call-to-action\" data-id=\"93637bb\" data-element_type=\"widget\" data-e-type=\"widget\" data-widget_type=\"call-to-action.default\">\n\t\t\t\t<div class=\"elementor-widget-container\">\n\t\t\t\t\t\t\t<div class=\"elementor-cta\">\n\t\t\t\t\t<div class=\"elementor-cta__bg-wrapper\">\n\t\t\t\t<div class=\"elementor-cta__bg elementor-bg\" style=\"background-image: url(https:\/\/vihdinkuumasinkitys.fi\/wp-content\/uploads\/2019\/09\/Vihdin-Kuumasinkitys-4-1024x654.jpg);\" role=\"img\" aria-label=\"Vihdin-Kuumasinkitys-4\"><\/div>\n\t\t\t\t<div class=\"elementor-cta__bg-overlay\"><\/div>\n\t\t\t<\/div>\n\t\t\t\t\t\t\t<div class=\"elementor-cta__content\">\n\t\t\t\t\n\t\t\t\t\t\t\t\t\t<h2 class=\"elementor-cta__title elementor-cta__content-item elementor-content-item elementor-animated-item--grow\">\n\t\t\t\t\t\tEnvironmental classification\t\t\t\t\t<\/h2>\n\t\t\t\t\n\t\t\t\t\n\t\t\t\t\t\t\t\t\t<div class=\"elementor-cta__button-wrapper elementor-cta__content-item elementor-content-item elementor-animated-item--grow\">\n\t\t\t\t\t<a class=\"elementor-cta__button elementor-button elementor-size-\" href=\"\/wp-content\/uploads\/2019\/08\/Ter\u00e4ksen_valinta-ymp\u00e4rist\u00f6luokat.pdf\">\n\t\t\t\t\t\tDownload\t\t\t\t\t<\/a>\n\t\t\t\t\t<\/div>\n\t\t\t\t\t\t\t<\/div>\n\t\t\t\t\t\t<\/div>\n\t\t\t\t\t\t<\/div>\n\t\t\t\t<\/div>\n\t\t\t\t\t<\/div>\n\t\t<\/div>\n\t\t\t\t<div class=\"elementor-column elementor-col-20 elementor-inner-column elementor-element elementor-element-32bcc59\" data-id=\"32bcc59\" data-element_type=\"column\" data-e-type=\"column\">\n\t\t\t<div class=\"elementor-widget-wrap elementor-element-populated\">\n\t\t\t\t\t<div class=\"elementor-background-overlay\"><\/div>\n\t\t\t\t\t\t<div class=\"elementor-element elementor-element-0003977 elementor-cta--skin-cover elementor-animated-content elementor-bg-transform elementor-bg-transform-zoom-in elementor-widget elementor-widget-call-to-action\" data-id=\"0003977\" data-element_type=\"widget\" data-e-type=\"widget\" data-widget_type=\"call-to-action.default\">\n\t\t\t\t<div class=\"elementor-widget-container\">\n\t\t\t\t\t\t\t<div class=\"elementor-cta\">\n\t\t\t\t\t<div class=\"elementor-cta__bg-wrapper\">\n\t\t\t\t<div class=\"elementor-cta__bg elementor-bg\" style=\"background-image: url(https:\/\/vihdinkuumasinkitys.fi\/wp-content\/uploads\/2019\/09\/Vihdin-Kuumasinkitys-4-1024x654.jpg);\" role=\"img\" aria-label=\"Vihdin-Kuumasinkitys-4\"><\/div>\n\t\t\t\t<div class=\"elementor-cta__bg-overlay\"><\/div>\n\t\t\t<\/div>\n\t\t\t\t\t\t\t<div class=\"elementor-cta__content\">\n\t\t\t\t\n\t\t\t\t\t\t\t\t\t<h2 class=\"elementor-cta__title elementor-cta__content-item elementor-content-item elementor-animated-item--grow\">\n\t\t\t\t\t\tDispatch form\t\t\t\t\t<\/h2>\n\t\t\t\t\n\t\t\t\t\n\t\t\t\t\t\t\t\t\t<div class=\"elementor-cta__button-wrapper elementor-cta__content-item elementor-content-item elementor-animated-item--grow\">\n\t\t\t\t\t<a class=\"elementor-cta__button elementor-button elementor-size-\" href=\"https:\/\/vihdinkuumasinkitys.fi\/wp-content\/uploads\/2022\/05\/Vihdin_Kuumasinkitys_Saate.pdf\">\n\t\t\t\t\t\tLataa\t\t\t\t\t<\/a>\n\t\t\t\t\t<\/div>\n\t\t\t\t\t\t\t<\/div>\n\t\t\t\t\t\t<\/div>\n\t\t\t\t\t\t<\/div>\n\t\t\t\t<\/div>\n\t\t\t\t\t<\/div>\n\t\t<\/div>\n\t\t\t\t\t<\/div>\n\t\t<\/section>\n\t\t\t\t\t<\/div>\n\t\t<\/div>\n\t\t\t\t\t<\/div>\n\t\t<\/section>\n\t\t\t\t<\/div>\n\t\t","protected":false},"excerpt":{"rendered":"<p>Instructions Instructions for making holes Download Instructions for painting Download Instructions for selecting steel Download Environmental classification Download Dispatch form Lataa<\/p>\n","protected":false},"author":1,"featured_media":0,"parent":0,"menu_order":0,"comment_status":"closed","ping_status":"closed","template":"","meta":{"site-sidebar-layout":"no-sidebar","site-content-layout":"page-builder","ast-site-content-layout":"default","site-content-style":"default","site-sidebar-style":"default","ast-global-header-display":"","ast-banner-title-visibility":"","ast-main-header-display":"","ast-hfb-above-header-display":"","ast-hfb-below-header-display":"","ast-hfb-mobile-header-display":"","site-post-title":"disabled","ast-breadcrumbs-content":"","ast-featured-img":"disabled","footer-sml-layout":"","ast-disable-related-posts":"","theme-transparent-header-meta":"default","adv-header-id-meta":"","stick-header-meta":"default","header-above-stick-meta":"","header-main-stick-meta":"","header-below-stick-meta":"","astra-migrate-meta-layouts":"default","ast-page-background-enabled":"default","ast-page-background-meta":{"desktop":{"background-color":"","background-image":"","background-repeat":"repeat","background-position":"center center","background-size":"auto","background-attachment":"scroll","background-type":"","background-media":"","overlay-type":"","overlay-color":"","overlay-opacity":"","overlay-gradient":""},"tablet":{"background-color":"","background-image":"","background-repeat":"repeat","background-position":"center center","background-size":"auto","background-attachment":"scroll","background-type":"","background-media":"","overlay-type":"","overlay-color":"","overlay-opacity":"","overlay-gradient":""},"mobile":{"background-color":"","background-image":"","background-repeat":"repeat","background-position":"center center","background-size":"auto","background-attachment":"scroll","background-type":"","background-media":"","overlay-type":"","overlay-color":"","overlay-opacity":"","overlay-gradient":""}},"ast-content-background-meta":{"desktop":{"background-color":"var(--ast-global-color-5)","background-image":"","background-repeat":"repeat","background-position":"center center","background-size":"auto","background-attachment":"scroll","background-type":"","background-media":"","overlay-type":"","overlay-color":"","overlay-opacity":"","overlay-gradient":""},"tablet":{"background-color":"var(--ast-global-color-5)","background-image":"","background-repeat":"repeat","background-position":"center center","background-size":"auto","background-attachment":"scroll","background-type":"","background-media":"","overlay-type":"","overlay-color":"","overlay-opacity":"","overlay-gradient":""},"mobile":{"background-color":"var(--ast-global-color-5)","background-image":"","background-repeat":"repeat","background-position":"center center","background-size":"auto","background-attachment":"scroll","background-type":"","background-media":"","overlay-type":"","overlay-color":"","overlay-opacity":"","overlay-gradient":""}},"footnotes":""},"class_list":["post-1076","page","type-page","status-publish","hentry"],"yoast_head":"<!-- This site is optimized with the Yoast SEO plugin v27.3 - https:\/\/yoast.com\/product\/yoast-seo-wordpress\/ -->\n<title>Galvanizing instructions - Vihdin Kuumasinkitys<\/title>\n<meta name=\"robots\" content=\"index, follow, max-snippet:-1, max-image-preview:large, max-video-preview:-1\" \/>\n<link rel=\"canonical\" href=\"https:\/\/vihdinkuumasinkitys.fi\/en\/galvanizing-instructions\/\" \/>\n<meta property=\"og:locale\" content=\"en_US\" \/>\n<meta property=\"og:type\" content=\"article\" \/>\n<meta property=\"og:title\" content=\"Galvanizing instructions - Vihdin Kuumasinkitys\" \/>\n<meta property=\"og:description\" content=\"Instructions Instructions for making holes Download Instructions for painting Download Instructions for selecting steel Download Environmental classification Download Dispatch form Lataa\" \/>\n<meta property=\"og:url\" content=\"https:\/\/vihdinkuumasinkitys.fi\/en\/galvanizing-instructions\/\" \/>\n<meta property=\"og:site_name\" content=\"Vihdin Kuumasinkitys\" \/>\n<meta property=\"article:modified_time\" content=\"2023-10-16T06:00:26+00:00\" \/>\n<meta name=\"twitter:card\" content=\"summary_large_image\" \/>\n<script type=\"application\/ld+json\" class=\"yoast-schema-graph\">{\"@context\":\"https:\\\/\\\/schema.org\",\"@graph\":[{\"@type\":\"WebPage\",\"@id\":\"https:\\\/\\\/vihdinkuumasinkitys.fi\\\/en\\\/galvanizing-instructions\\\/\",\"url\":\"https:\\\/\\\/vihdinkuumasinkitys.fi\\\/en\\\/galvanizing-instructions\\\/\",\"name\":\"Galvanizing instructions - Vihdin Kuumasinkitys\",\"isPartOf\":{\"@id\":\"https:\\\/\\\/vihdinkuumasinkitys-fi.hel8.wp-cloud.dev\\\/#website\"},\"datePublished\":\"2018-07-03T05:59:30+00:00\",\"dateModified\":\"2023-10-16T06:00:26+00:00\",\"breadcrumb\":{\"@id\":\"https:\\\/\\\/vihdinkuumasinkitys.fi\\\/en\\\/galvanizing-instructions\\\/#breadcrumb\"},\"inLanguage\":\"en-US\",\"potentialAction\":[{\"@type\":\"ReadAction\",\"target\":[\"https:\\\/\\\/vihdinkuumasinkitys.fi\\\/en\\\/galvanizing-instructions\\\/\"]}]},{\"@type\":\"BreadcrumbList\",\"@id\":\"https:\\\/\\\/vihdinkuumasinkitys.fi\\\/en\\\/galvanizing-instructions\\\/#breadcrumb\",\"itemListElement\":[{\"@type\":\"ListItem\",\"position\":1,\"name\":\"Home\",\"item\":\"https:\\\/\\\/vihdinkuumasinkitys.fi\\\/en\\\/\"},{\"@type\":\"ListItem\",\"position\":2,\"name\":\"Galvanizing instructions\"}]},{\"@type\":\"WebSite\",\"@id\":\"https:\\\/\\\/vihdinkuumasinkitys-fi.hel8.wp-cloud.dev\\\/#website\",\"url\":\"https:\\\/\\\/vihdinkuumasinkitys-fi.hel8.wp-cloud.dev\\\/\",\"name\":\"Vihdin Kuumasinkitys\",\"description\":\"Finland\u2019s newest and most modern hot dip galvanizing factory\",\"publisher\":{\"@id\":\"https:\\\/\\\/vihdinkuumasinkitys-fi.hel8.wp-cloud.dev\\\/#organization\"},\"potentialAction\":[{\"@type\":\"SearchAction\",\"target\":{\"@type\":\"EntryPoint\",\"urlTemplate\":\"https:\\\/\\\/vihdinkuumasinkitys-fi.hel8.wp-cloud.dev\\\/?s={search_term_string}\"},\"query-input\":{\"@type\":\"PropertyValueSpecification\",\"valueRequired\":true,\"valueName\":\"search_term_string\"}}],\"inLanguage\":\"en-US\"},{\"@type\":\"Organization\",\"@id\":\"https:\\\/\\\/vihdinkuumasinkitys-fi.hel8.wp-cloud.dev\\\/#organization\",\"name\":\"Vihdin kuumasinkitys\",\"url\":\"https:\\\/\\\/vihdinkuumasinkitys-fi.hel8.wp-cloud.dev\\\/\",\"logo\":{\"@type\":\"ImageObject\",\"inLanguage\":\"en-US\",\"@id\":\"https:\\\/\\\/vihdinkuumasinkitys-fi.hel8.wp-cloud.dev\\\/#\\\/schema\\\/logo\\\/image\\\/\",\"url\":\"https:\\\/\\\/vihdinkuumasinkitys.fi\\\/wp-content\\\/uploads\\\/2019\\\/07\\\/Vihdin-kuumasinkitys-logo.jpg\",\"contentUrl\":\"https:\\\/\\\/vihdinkuumasinkitys.fi\\\/wp-content\\\/uploads\\\/2019\\\/07\\\/Vihdin-kuumasinkitys-logo.jpg\",\"width\":800,\"height\":200,\"caption\":\"Vihdin kuumasinkitys\"},\"image\":{\"@id\":\"https:\\\/\\\/vihdinkuumasinkitys-fi.hel8.wp-cloud.dev\\\/#\\\/schema\\\/logo\\\/image\\\/\"}}]}<\/script>\n<!-- \/ Yoast SEO plugin. -->","yoast_head_json":{"title":"Galvanizing instructions - Vihdin Kuumasinkitys","robots":{"index":"index","follow":"follow","max-snippet":"max-snippet:-1","max-image-preview":"max-image-preview:large","max-video-preview":"max-video-preview:-1"},"canonical":"https:\/\/vihdinkuumasinkitys.fi\/en\/galvanizing-instructions\/","og_locale":"en_US","og_type":"article","og_title":"Galvanizing instructions - Vihdin Kuumasinkitys","og_description":"Instructions Instructions for making holes Download Instructions for painting Download Instructions for selecting steel Download Environmental classification Download Dispatch form Lataa","og_url":"https:\/\/vihdinkuumasinkitys.fi\/en\/galvanizing-instructions\/","og_site_name":"Vihdin Kuumasinkitys","article_modified_time":"2023-10-16T06:00:26+00:00","twitter_card":"summary_large_image","schema":{"@context":"https:\/\/schema.org","@graph":[{"@type":"WebPage","@id":"https:\/\/vihdinkuumasinkitys.fi\/en\/galvanizing-instructions\/","url":"https:\/\/vihdinkuumasinkitys.fi\/en\/galvanizing-instructions\/","name":"Galvanizing instructions - Vihdin Kuumasinkitys","isPartOf":{"@id":"https:\/\/vihdinkuumasinkitys-fi.hel8.wp-cloud.dev\/#website"},"datePublished":"2018-07-03T05:59:30+00:00","dateModified":"2023-10-16T06:00:26+00:00","breadcrumb":{"@id":"https:\/\/vihdinkuumasinkitys.fi\/en\/galvanizing-instructions\/#breadcrumb"},"inLanguage":"en-US","potentialAction":[{"@type":"ReadAction","target":["https:\/\/vihdinkuumasinkitys.fi\/en\/galvanizing-instructions\/"]}]},{"@type":"BreadcrumbList","@id":"https:\/\/vihdinkuumasinkitys.fi\/en\/galvanizing-instructions\/#breadcrumb","itemListElement":[{"@type":"ListItem","position":1,"name":"Home","item":"https:\/\/vihdinkuumasinkitys.fi\/en\/"},{"@type":"ListItem","position":2,"name":"Galvanizing instructions"}]},{"@type":"WebSite","@id":"https:\/\/vihdinkuumasinkitys-fi.hel8.wp-cloud.dev\/#website","url":"https:\/\/vihdinkuumasinkitys-fi.hel8.wp-cloud.dev\/","name":"Vihdin Kuumasinkitys","description":"Finland\u2019s newest and most modern hot dip galvanizing factory","publisher":{"@id":"https:\/\/vihdinkuumasinkitys-fi.hel8.wp-cloud.dev\/#organization"},"potentialAction":[{"@type":"SearchAction","target":{"@type":"EntryPoint","urlTemplate":"https:\/\/vihdinkuumasinkitys-fi.hel8.wp-cloud.dev\/?s={search_term_string}"},"query-input":{"@type":"PropertyValueSpecification","valueRequired":true,"valueName":"search_term_string"}}],"inLanguage":"en-US"},{"@type":"Organization","@id":"https:\/\/vihdinkuumasinkitys-fi.hel8.wp-cloud.dev\/#organization","name":"Vihdin kuumasinkitys","url":"https:\/\/vihdinkuumasinkitys-fi.hel8.wp-cloud.dev\/","logo":{"@type":"ImageObject","inLanguage":"en-US","@id":"https:\/\/vihdinkuumasinkitys-fi.hel8.wp-cloud.dev\/#\/schema\/logo\/image\/","url":"https:\/\/vihdinkuumasinkitys.fi\/wp-content\/uploads\/2019\/07\/Vihdin-kuumasinkitys-logo.jpg","contentUrl":"https:\/\/vihdinkuumasinkitys.fi\/wp-content\/uploads\/2019\/07\/Vihdin-kuumasinkitys-logo.jpg","width":800,"height":200,"caption":"Vihdin kuumasinkitys"},"image":{"@id":"https:\/\/vihdinkuumasinkitys-fi.hel8.wp-cloud.dev\/#\/schema\/logo\/image\/"}}]}},"_links":{"self":[{"href":"https:\/\/vihdinkuumasinkitys.fi\/en\/wp-json\/wp\/v2\/pages\/1076","targetHints":{"allow":["GET"]}}],"collection":[{"href":"https:\/\/vihdinkuumasinkitys.fi\/en\/wp-json\/wp\/v2\/pages"}],"about":[{"href":"https:\/\/vihdinkuumasinkitys.fi\/en\/wp-json\/wp\/v2\/types\/page"}],"author":[{"embeddable":true,"href":"https:\/\/vihdinkuumasinkitys.fi\/en\/wp-json\/wp\/v2\/users\/1"}],"replies":[{"embeddable":true,"href":"https:\/\/vihdinkuumasinkitys.fi\/en\/wp-json\/wp\/v2\/comments?post=1076"}],"version-history":[{"count":3,"href":"https:\/\/vihdinkuumasinkitys.fi\/en\/wp-json\/wp\/v2\/pages\/1076\/revisions"}],"predecessor-version":[{"id":1080,"href":"https:\/\/vihdinkuumasinkitys.fi\/en\/wp-json\/wp\/v2\/pages\/1076\/revisions\/1080"}],"wp:attachment":[{"href":"https:\/\/vihdinkuumasinkitys.fi\/en\/wp-json\/wp\/v2\/media?parent=1076"}],"curies":[{"name":"wp","href":"https:\/\/api.w.org\/{rel}","templated":true}]}}